{"id":100,"date":"2023-09-16T19:58:38","date_gmt":"2023-09-16T17:58:38","guid":{"rendered":"http:\/\/astroenbaiedarmor.astrosurf.com\/?page_id=100"},"modified":"2024-07-13T16:52:08","modified_gmt":"2024-07-13T14:52:08","slug":"quelques-sites-interessants","status":"publish","type":"page","link":"https:\/\/astroenbaiedarmor.astrosurf.com\/?page_id=100","title":{"rendered":"Quelques sites de clubs"},"content":{"rendered":"\n<div class=\"wp-block-media-text is-stacked-on-mobile\" style=\"grid-template-columns:15% auto\"><figure class=\"wp-block-media-text__media\"><a href=\"http:\/\/www.astrosurf.com\/astro-tregor\/\" target=\"_blank\" rel=\"noreferrer noopener\"><img loading=\"lazy\" decoding=\"async\" width=\"311\" height=\"311\" src=\"https:\/\/astroenbaiedarmor.astrosurf.com\/wp-content\/uploads\/2023\/09\/Logo-Astro-Tregor.gif\" alt=\"\" class=\"wp-image-194 size-full\"\/><\/a><\/figure><div class=\"wp-block-media-text__content\">\n<p><a rel=\"noreferrer noopener\" href=\"http:\/\/www.astrosurf.com\/astro-tregor\/\" target=\"_blank\">Club d&rsquo;Astronomie du Tr\u00e9gor<\/a><br>Bas\u00e9 au Domespace du Parc du Rad\u00f4me \u00e0 Pleumeur-Bodou<\/p>\n<\/div><\/div>\n\n\n\n<div style=\"height:4px\" aria-hidden=\"true\" class=\"wp-block-spacer\"><\/div>\n\n\n\n<div class=\"wp-block-media-text is-stacked-on-mobile\" style=\"grid-template-columns:15% auto\"><figure class=\"wp-block-media-text__media\"><a href=\"https:\/\/www.observatoirebriellec.fr\/\" target=\"_blank\" rel=\"noreferrer noopener\"><img loading=\"lazy\" decoding=\"async\" width=\"200\" height=\"200\" src=\"https:\/\/astroenbaiedarmor.astrosurf.com\/wp-content\/uploads\/2023\/09\/logo-obs-briellec.png\" alt=\"\" class=\"wp-image-196 size-full\" srcset=\"https:\/\/astroenbaiedarmor.astrosurf.com\/wp-content\/uploads\/2023\/09\/logo-obs-briellec.png 200w, https:\/\/astroenbaiedarmor.astrosurf.com\/wp-content\/uploads\/2023\/09\/logo-obs-briellec-150x150.png 150w\" sizes=\"auto, (max-width: 200px) 100vw, 200px\" \/><\/a><\/figure><div class=\"wp-block-media-text__content\">\n<p><a href=\"https:\/\/www.observatoirebriellec.fr\/\" target=\"_blank\" rel=\"noreferrer noopener\">Observatoire de Briellec<\/a><br>Le site de l&rsquo;observatoire de Jean-Pierre Bigorgne \u00e0 Tr\u00e9z\u00e9ny<\/p>\n<\/div><\/div>\n\n\n\n<div style=\"height:4px\" aria-hidden=\"true\" class=\"wp-block-spacer\"><\/div>\n\n\n\n<div class=\"wp-block-media-text is-stacked-on-mobile\" style=\"grid-template-columns:15% auto\"><figure class=\"wp-block-media-text__media\"><img loading=\"lazy\" decoding=\"async\" width=\"55\" height=\"52\" src=\"https:\/\/astroenbaiedarmor.astrosurf.com\/wp-content\/uploads\/2024\/01\/db.png\" alt=\"\" class=\"wp-image-532 size-full\"\/><\/figure><div class=\"wp-block-media-text__content\">\n<p><a href=\"http:\/\/www.dbajura.be\/index.html\" data-type=\"link\" data-id=\"http:\/\/www.dbajura.be\/index.html\" target=\"_blank\" rel=\"noreferrer noopener\">Didier Bajura<\/a><br>Le site web de Didier Bajura, astronome amateur \u00e0 Lanvellec<\/p>\n<\/div><\/div>\n\n\n\n<div style=\"height:4px\" aria-hidden=\"true\" class=\"wp-block-spacer\"><\/div>\n\n\n\n<div class=\"wp-block-media-text is-stacked-on-mobile\" style=\"grid-template-columns:15% auto\"><figure class=\"wp-block-media-text__media\"><img loading=\"lazy\" decoding=\"async\" width=\"154\" height=\"154\" src=\"https:\/\/astroenbaiedarmor.astrosurf.com\/wp-content\/uploads\/2024\/01\/logo05.png\" alt=\"\" class=\"wp-image-529 size-full\" srcset=\"https:\/\/astroenbaiedarmor.astrosurf.com\/wp-content\/uploads\/2024\/01\/logo05.png 154w, https:\/\/astroenbaiedarmor.astrosurf.com\/wp-content\/uploads\/2024\/01\/logo05-150x150.png 150w\" sizes=\"auto, (max-width: 154px) 100vw, 154px\" \/><\/figure><div class=\"wp-block-media-text__content\">\n<p><a href=\"http:\/\/astrosurf.com\/cieldarmor\/\" data-type=\"link\" data-id=\"http:\/\/astrosurf.com\/cieldarmor\/\" target=\"_blank\" rel=\"noreferrer noopener\">Association Ciel d&rsquo;Armor<\/a><br>Le site de la nouvelle association Ciel d&rsquo;Armor dans le Tr\u00e9gor.<\/p>\n<\/div><\/div>\n\n\n\n<div style=\"height:4px\" aria-hidden=\"true\" class=\"wp-block-spacer\"><\/div>\n\n\n\n<div class=\"wp-block-media-text is-stacked-on-mobile\" style=\"grid-template-columns:15% auto\"><figure class=\"wp-block-media-text__media\"><a href=\"https:\/\/www.facebook.com\/association.kosmos22\" target=\"_blank\" rel=\"noreferrer noopener\"><img loading=\"lazy\" decoding=\"async\" width=\"525\" height=\"525\" src=\"https:\/\/astroenbaiedarmor.astrosurf.com\/wp-content\/uploads\/2024\/07\/kosmos22-logo-transparent-rescale.png\" alt=\"\" class=\"wp-image-789 size-full\" srcset=\"https:\/\/astroenbaiedarmor.astrosurf.com\/wp-content\/uploads\/2024\/07\/kosmos22-logo-transparent-rescale.png 525w, https:\/\/astroenbaiedarmor.astrosurf.com\/wp-content\/uploads\/2024\/07\/kosmos22-logo-transparent-rescale-300x300.png 300w, https:\/\/astroenbaiedarmor.astrosurf.com\/wp-content\/uploads\/2024\/07\/kosmos22-logo-transparent-rescale-150x150.png 150w\" sizes=\"auto, (max-width: 525px) 100vw, 525px\" \/><\/a><\/figure><div class=\"wp-block-media-text__content\">\n<p><a href=\"https:\/\/kosmos22.blog4ever.com\" data-type=\"link\" data-id=\"http:\/\/astrosurf.com\/cieldarmor\/\" target=\"_blank\" rel=\"noreferrer noopener\">KOSMOS 22 Association Costarmoricaine d&rsquo;Astronomie<\/a><br>Le site du club KOSMOSS 22 cr\u00e9\u00e9 en d\u00e9cembre 2023 et bas\u00e9e \u00e0 PL\u00c9SIDY en C\u00f4tes d&rsquo;Armor.<\/p>\n<\/div><\/div>\n\n\n\n<div style=\"height:4px\" aria-hidden=\"true\" class=\"wp-block-spacer\"><\/div>\n\n\n\n<div class=\"wp-block-media-text is-stacked-on-mobile\" style=\"grid-template-columns:15% auto\"><figure class=\"wp-block-media-text__media\"><a href=\"https:\/\/www.dinan-astronomie.fr\/\" target=\"_blank\" rel=\"noreferrer noopener\"><img loading=\"lazy\" decoding=\"async\" width=\"144\" height=\"150\" src=\"https:\/\/astroenbaiedarmor.astrosurf.com\/wp-content\/uploads\/2023\/12\/Capture-decran-2023-12-20-162455.png\" alt=\"\" class=\"wp-image-509 size-full\"\/><\/a><\/figure><div class=\"wp-block-media-text__content\">\n<p><a href=\"https:\/\/www.dinan-astronomie.fr\/\" target=\"_blank\" rel=\"noreferrer noopener\">Club d&rsquo;Astronomie de Dinan<\/a><br>Le site du club d&rsquo;Astronomie Amateur de Dinan.<\/p>\n<\/div><\/div>\n\n\n\n<div style=\"height:4px\" aria-hidden=\"true\" class=\"wp-block-spacer\"><\/div>\n\n\n\n<div class=\"wp-block-media-text is-stacked-on-mobile\" style=\"grid-template-columns:15% auto\"><figure class=\"wp-block-media-text__media\"><a href=\"https:\/\/www.astro-rennes.com\/index.php\" target=\"_blank\" rel=\"noreferrer noopener\"><img loading=\"lazy\" decoding=\"async\" width=\"134\" height=\"130\" src=\"https:\/\/astroenbaiedarmor.astrosurf.com\/wp-content\/uploads\/2023\/12\/logo-sar-transparent.png\" alt=\"\" class=\"wp-image-511 size-full\"\/><\/a><\/figure><div class=\"wp-block-media-text__content\">\n<p><a rel=\"noreferrer noopener\" href=\"https:\/\/www.astro-rennes.com\/index.php\" target=\"_blank\">Soci\u00e9t\u00e9 d&rsquo;Astronomie de Rennes<\/a><br>Le site de la soci\u00e9t\u00e9 d&rsquo;Astronomie de Rennes.<\/p>\n<\/div><\/div>\n\n\n\n<div style=\"height:4px\" aria-hidden=\"true\" class=\"wp-block-spacer\"><\/div>\n\n\n\n<div class=\"wp-block-media-text is-stacked-on-mobile\" style=\"grid-template-columns:15% auto\"><figure class=\"wp-block-media-text__media\"><a href=\"https:\/\/voyager3.com\/\" target=\"_blank\" rel=\"noreferrer noopener\"><img loading=\"lazy\" decoding=\"async\" width=\"160\" height=\"160\" src=\"https:\/\/astroenbaiedarmor.astrosurf.com\/wp-content\/uploads\/2024\/06\/voyager-3-logo.jpg\" alt=\"\" class=\"wp-image-686 size-full\" srcset=\"https:\/\/astroenbaiedarmor.astrosurf.com\/wp-content\/uploads\/2024\/06\/voyager-3-logo.jpg 160w, https:\/\/astroenbaiedarmor.astrosurf.com\/wp-content\/uploads\/2024\/06\/voyager-3-logo-150x150.jpg 150w\" sizes=\"auto, (max-width: 160px) 100vw, 160px\" \/><\/a><\/figure><div class=\"wp-block-media-text__content\">\n<p><a href=\"https:\/\/voyager3.com\/\" data-type=\"link\" data-id=\"https:\/\/voyager3.com\/\" target=\"_blank\" rel=\"noreferrer noopener\">Voyager 3 Astronomie<\/a><br>Le site de l&rsquo;association V3 Astronomie et de l&rsquo;observatoire de Bretagne Atlantique \u00e0 S\u00e9v\u00e9rac (44).<\/p>\n<\/div><\/div>\n\n\n\n<div style=\"height:4px\" aria-hidden=\"true\" class=\"wp-block-spacer\"><\/div>\n\n\n\n<div class=\"wp-block-media-text is-stacked-on-mobile\" style=\"grid-template-columns:15% auto\"><figure class=\"wp-block-media-text__media\"><a href=\"https:\/\/www.becheurs-detoiles.net\/\" target=\"_blank\" rel=\"noreferrer noopener\"><img loading=\"lazy\" decoding=\"async\" width=\"200\" height=\"200\" src=\"https:\/\/astroenbaiedarmor.astrosurf.com\/wp-content\/uploads\/2023\/10\/Observatoire-Sauzereau-200x300-1.jpg\" alt=\"\" class=\"wp-image-305 size-full\" srcset=\"https:\/\/astroenbaiedarmor.astrosurf.com\/wp-content\/uploads\/2023\/10\/Observatoire-Sauzereau-200x300-1.jpg 200w, https:\/\/astroenbaiedarmor.astrosurf.com\/wp-content\/uploads\/2023\/10\/Observatoire-Sauzereau-200x300-1-150x150.jpg 150w\" sizes=\"auto, (max-width: 200px) 100vw, 200px\" \/><\/a><\/figure><div class=\"wp-block-media-text__content\">\n<p><a href=\"https:\/\/www.becheurs-detoiles.net\/\" target=\"_blank\" rel=\"noreferrer noopener\">Association&nbsp;des&nbsp;B\u00eacheurs d&rsquo;\u00e9toiles<\/a><br>Le site de l&rsquo;observatoire de Olivier Sauzereau \u00e0 La Chapelle aux Lys en Vend\u00e9e.<\/p>\n<\/div><\/div>\n\n\n\n<div style=\"height:4px\" aria-hidden=\"true\" class=\"wp-block-spacer\"><\/div>\n","protected":false},"excerpt":{"rendered":"<p>Club d&rsquo;Astronomie du Tr\u00e9gorBas\u00e9 au Domespace du Parc du Rad\u00f4me \u00e0 Pleumeur-Bodou Observatoire de BriellecLe site de l&rsquo;observatoire de Jean-Pierre [&hellip;]<\/p>\n","protected":false},"author":1,"featured_media":0,"parent":0,"menu_order":1,"comment_status":"closed","ping_status":"closed","template":"","meta":{"site-sidebar-layout":"default","site-content-layout":"","ast-site-content-layout":"default","site-content-style":"default","site-sidebar-style":"default","ast-global-header-display":"","ast-banner-title-visibility":"","ast-main-header-display":"","ast-hfb-above-header-display":"","ast-hfb-below-header-display":"","ast-hfb-mobile-header-display":"","site-post-title":"","ast-breadcrumbs-content":"","ast-featured-img":"","footer-sml-layout":"","theme-transparent-header-meta":"","adv-header-id-meta":"","stick-header-meta":"","header-above-stick-meta":"","header-main-stick-meta":"","header-below-stick-meta":"","astra-migrate-meta-layouts":"default","ast-page-background-enabled":"default","ast-page-background-meta":{"desktop":{"background-color":"var(--ast-global-color-4)","background-image":"","background-repeat":"repeat","background-position":"center center","background-size":"auto","background-attachment":"scroll","background-type":"","background-media":"","overlay-type":"","overlay-color":"","overlay-opacity":"","overlay-gradient":""},"tablet":{"background-color":"","background-image":"","background-repeat":"repeat","background-position":"center center","background-size":"auto","background-attachment":"scroll","background-type":"","background-media":"","overlay-type":"","overlay-color":"","overlay-opacity":"","overlay-gradient":""},"mobile":{"background-color":"","background-image":"","background-repeat":"repeat","background-position":"center center","background-size":"auto","background-attachment":"scroll","background-type":"","background-media":"","overlay-type":"","overlay-color":"","overlay-opacity":"","overlay-gradient":""}},"ast-content-background-meta":{"desktop":{"background-color":"var(--ast-global-color-5)","background-image":"","background-repeat":"repeat","background-position":"center center","background-size":"auto","background-attachment":"scroll","background-type":"","background-media":"","overlay-type":"","overlay-color":"","overlay-opacity":"","overlay-gradient":""},"tablet":{"background-color":"var(--ast-global-color-5)","background-image":"","background-repeat":"repeat","background-position":"center center","background-size":"auto","background-attachment":"scroll","background-type":"","background-media":"","overlay-type":"","overlay-color":"","overlay-opacity":"","overlay-gradient":""},"mobile":{"background-color":"var(--ast-global-color-5)","background-image":"","background-repeat":"repeat","background-position":"center center","background-size":"auto","background-attachment":"scroll","background-type":"","background-media":"","overlay-type":"","overlay-color":"","overlay-opacity":"","overlay-gradient":""}},"footnotes":""},"class_list":["post-100","page","type-page","status-publish","hentry"],"jetpack_sharing_enabled":true,"_links":{"self":[{"href":"https:\/\/astroenbaiedarmor.astrosurf.com\/index.php?rest_route=\/wp\/v2\/pages\/100","targetHints":{"allow":["GET"]}}],"collection":[{"href":"https:\/\/astroenbaiedarmor.astrosurf.com\/index.php?rest_route=\/wp\/v2\/pages"}],"about":[{"href":"https:\/\/astroenbaiedarmor.astrosurf.com\/index.php?rest_route=\/wp\/v2\/types\/page"}],"author":[{"embeddable":true,"href":"https:\/\/astroenbaiedarmor.astrosurf.com\/index.php?rest_route=\/wp\/v2\/users\/1"}],"replies":[{"embeddable":true,"href":"https:\/\/astroenbaiedarmor.astrosurf.com\/index.php?rest_route=%2Fwp%2Fv2%2Fcomments&post=100"}],"version-history":[{"count":25,"href":"https:\/\/astroenbaiedarmor.astrosurf.com\/index.php?rest_route=\/wp\/v2\/pages\/100\/revisions"}],"predecessor-version":[{"id":790,"href":"https:\/\/astroenbaiedarmor.astrosurf.com\/index.php?rest_route=\/wp\/v2\/pages\/100\/revisions\/790"}],"wp:attachment":[{"href":"https:\/\/astroenbaiedarmor.astrosurf.com\/index.php?rest_route=%2Fwp%2Fv2%2Fmedia&parent=100"}],"curies":[{"name":"wp","href":"https:\/\/api.w.org\/{rel}","templated":true}]}}