{"id":102,"date":"2023-09-16T19:59:51","date_gmt":"2023-09-16T17:59:51","guid":{"rendered":"http:\/\/astroenbaiedarmor.astrosurf.com\/?page_id=102"},"modified":"2024-05-16T23:36:15","modified_gmt":"2024-05-16T21:36:15","slug":"quelques-boutiques-en-lignes","status":"publish","type":"page","link":"https:\/\/astroenbaiedarmor.astrosurf.com\/?page_id=102","title":{"rendered":"Quelques boutiques en lignes"},"content":{"rendered":"\n<div class=\"wp-block-media-text is-stacked-on-mobile\" style=\"grid-template-columns:15% auto\"><figure class=\"wp-block-media-text__media\"><a href=\"https:\/\/laclefdesetoiles.com\/\" target=\"_blank\" rel=\"noreferrer noopener\"><img loading=\"lazy\" decoding=\"async\" width=\"170\" height=\"170\" src=\"https:\/\/astroenbaiedarmor.astrosurf.com\/wp-content\/uploads\/2023\/09\/lacledesetoiles-logo.png\" alt=\"\" class=\"wp-image-210 size-full\" srcset=\"https:\/\/astroenbaiedarmor.astrosurf.com\/wp-content\/uploads\/2023\/09\/lacledesetoiles-logo.png 170w, https:\/\/astroenbaiedarmor.astrosurf.com\/wp-content\/uploads\/2023\/09\/lacledesetoiles-logo-150x150.png 150w\" sizes=\"auto, (max-width: 170px) 100vw, 170px\" \/><\/a><\/figure><div class=\"wp-block-media-text__content\">\n<p><a rel=\"noreferrer noopener\" href=\"https:\/\/laclefdesetoiles.com\/\" target=\"_blank\">La Cl\u00e9 des \u00c9toiles<\/a><br>Un lien direct avec le ciel \u00e9toil\u00e9 \u00e0 Toulouse.<\/p>\n<\/div><\/div>\n\n\n\n<div style=\"height:4px\" aria-hidden=\"true\" class=\"wp-block-spacer\"><\/div>\n\n\n\n<div class=\"wp-block-media-text is-stacked-on-mobile\" style=\"grid-template-columns:15% auto\"><figure class=\"wp-block-media-text__media\"><a href=\"https:\/\/www.pierro-astro.com\/\" target=\"_blank\" rel=\"noreferrer noopener\"><img loading=\"lazy\" decoding=\"async\" width=\"50\" height=\"50\" src=\"https:\/\/astroenbaiedarmor.astrosurf.com\/wp-content\/uploads\/2023\/09\/Pierro-Astro-logo.png\" alt=\"\" class=\"wp-image-212 size-full\"\/><\/a><\/figure><div class=\"wp-block-media-text__content\">\n<p><a rel=\"noreferrer noopener\" href=\"https:\/\/www.pierro-astro.com\/\" target=\"_blank\">Pierro-Astro<\/a><br>Une boutique de mat\u00e9riel astronomique \u00e0 Montpellier.<\/p>\n<\/div><\/div>\n\n\n\n<div style=\"height:4px\" aria-hidden=\"true\" class=\"wp-block-spacer\"><\/div>\n\n\n\n<div class=\"wp-block-media-text is-stacked-on-mobile\" style=\"grid-template-columns:15% auto\"><figure class=\"wp-block-media-text__media\"><a href=\"https:\/\/www.telescopes-et-accessoires.fr\/\" target=\"_blank\" rel=\"noreferrer noopener\"><img loading=\"lazy\" decoding=\"async\" width=\"81\" height=\"82\" src=\"https:\/\/astroenbaiedarmor.astrosurf.com\/wp-content\/uploads\/2023\/09\/optiqueunterlinden-logo.png\" alt=\"\" class=\"wp-image-215 size-full\"\/><\/a><\/figure><div class=\"wp-block-media-text__content\">\n<p><a rel=\"noreferrer noopener\" href=\"https:\/\/www.telescopes-et-accessoires.fr\/\" target=\"_blank\">Optique Unterlinden<\/a><br>Optiques, t\u00e9lescopes et accessoires \u00e0 Colmar.<\/p>\n<\/div><\/div>\n\n\n\n<div style=\"height:4px\" aria-hidden=\"true\" class=\"wp-block-spacer\"><\/div>\n\n\n\n<div class=\"wp-block-media-text is-stacked-on-mobile\" style=\"grid-template-columns:15% auto\"><figure class=\"wp-block-media-text__media\"><a href=\"https:\/\/www.maison-astronomie.com\/fr\/\" target=\"_blank\" rel=\"noreferrer noopener\"><img loading=\"lazy\" decoding=\"async\" width=\"351\" height=\"351\" src=\"https:\/\/astroenbaiedarmor.astrosurf.com\/wp-content\/uploads\/2023\/09\/logo-la-maison-de-l-astronomie.png\" alt=\"\" class=\"wp-image-224 size-full\" srcset=\"https:\/\/astroenbaiedarmor.astrosurf.com\/wp-content\/uploads\/2023\/09\/logo-la-maison-de-l-astronomie.png 351w, https:\/\/astroenbaiedarmor.astrosurf.com\/wp-content\/uploads\/2023\/09\/logo-la-maison-de-l-astronomie-300x300.png 300w, https:\/\/astroenbaiedarmor.astrosurf.com\/wp-content\/uploads\/2023\/09\/logo-la-maison-de-l-astronomie-150x150.png 150w\" sizes=\"auto, (max-width: 351px) 100vw, 351px\" \/><\/a><\/figure><div class=\"wp-block-media-text__content\">\n<p><a rel=\"noreferrer noopener\" href=\"https:\/\/www.maison-astronomie.com\/fr\/\" target=\"_blank\">La Maison de l&rsquo;Astronomie<\/a><br>Le site de vente en ligne de la c\u00e9l\u00e8bre maison de la rue de Rivoli \u00e0 Paris.<\/p>\n<\/div><\/div>\n\n\n\n<div style=\"height:4px\" aria-hidden=\"true\" class=\"wp-block-spacer\"><\/div>\n\n\n\n<div class=\"wp-block-media-text is-stacked-on-mobile\" style=\"grid-template-columns:15% auto\"><figure class=\"wp-block-media-text__media\"><a href=\"https:\/\/www.stelvision.com\/\" target=\"_blank\" rel=\"noreferrer noopener\"><img loading=\"lazy\" decoding=\"async\" width=\"110\" height=\"110\" src=\"https:\/\/astroenbaiedarmor.astrosurf.com\/wp-content\/uploads\/2023\/09\/logo-stelvision.png\" alt=\"\" class=\"wp-image-227 size-full\"\/><\/a><\/figure><div class=\"wp-block-media-text__content\">\n<p><a rel=\"noreferrer noopener\" href=\"https:\/\/www.stelvision.com\/\" target=\"_blank\">Stelvision<\/a><br>Un site fond\u00e9 par B. d\u2019Armagnac pour d\u00e9couvrir l&rsquo;Astronomie et apprendre \u00e0 observer le ciel.<\/p>\n<\/div><\/div>\n\n\n\n<div style=\"height:4px\" aria-hidden=\"true\" class=\"wp-block-spacer\"><\/div>\n\n\n\n<div class=\"wp-block-media-text is-stacked-on-mobile\" style=\"grid-template-columns:15% auto\"><figure class=\"wp-block-media-text__media\"><a href=\"https:\/\/www.teleskop-express.de\/shop\/\" target=\"_blank\" rel=\"noreferrer noopener\"><img loading=\"lazy\" decoding=\"async\" width=\"131\" height=\"90\" src=\"https:\/\/astroenbaiedarmor.astrosurf.com\/wp-content\/uploads\/2023\/09\/ts-logo.jpg\" alt=\"\" class=\"wp-image-221 size-full\"\/><\/a><\/figure><div class=\"wp-block-media-text__content\">\n<p><a rel=\"noreferrer noopener\" href=\"https:\/\/www.teleskop-express.de\/shop\/\" target=\"_blank\">Teleskop Service<\/a><br>Teleskop-Service Ransburg GmbH \u00e0 Munich<\/p>\n<\/div><\/div>\n\n\n\n<div style=\"height:4px\" aria-hidden=\"true\" class=\"wp-block-spacer\"><\/div>\n\n\n\n<div class=\"wp-block-media-text is-stacked-on-mobile\" style=\"grid-template-columns:15% auto\"><figure class=\"wp-block-media-text__media\"><a href=\"https:\/\/www.astroshop.de\/fr\/\" target=\"_blank\" rel=\"noreferrer noopener\"><img loading=\"lazy\" decoding=\"async\" width=\"76\" height=\"76\" src=\"https:\/\/astroenbaiedarmor.astrosurf.com\/wp-content\/uploads\/2023\/09\/astroshop-logo.png\" alt=\"\" class=\"wp-image-218 size-full\"\/><\/a><\/figure><div class=\"wp-block-media-text__content\">\n<p><a rel=\"noreferrer noopener\" href=\"https:\/\/www.astroshop.de\/fr\/\" target=\"_blank\">Astroshop<\/a><br>Un large assortiment de mat\u00e9riel astronomique en Europe.<\/p>\n<\/div><\/div>\n\n\n\n<div style=\"height:4px\" aria-hidden=\"true\" class=\"wp-block-spacer\"><\/div>\n\n\n\n<div class=\"wp-block-media-text is-stacked-on-mobile\" style=\"grid-template-columns:15% auto\"><figure class=\"wp-block-media-text__media\"><a href=\"https:\/\/www.astronome.fr\/\" target=\"_blank\" rel=\"noreferrer noopener\"><img loading=\"lazy\" decoding=\"async\" width=\"350\" height=\"350\" src=\"https:\/\/astroenbaiedarmor.astrosurf.com\/wp-content\/uploads\/2024\/05\/logo-l-astronome-transparent.png\" alt=\"\" class=\"wp-image-669 size-full\" srcset=\"https:\/\/astroenbaiedarmor.astrosurf.com\/wp-content\/uploads\/2024\/05\/logo-l-astronome-transparent.png 350w, https:\/\/astroenbaiedarmor.astrosurf.com\/wp-content\/uploads\/2024\/05\/logo-l-astronome-transparent-300x300.png 300w, https:\/\/astroenbaiedarmor.astrosurf.com\/wp-content\/uploads\/2024\/05\/logo-l-astronome-transparent-150x150.png 150w\" sizes=\"auto, (max-width: 350px) 100vw, 350px\" \/><\/a><\/figure><div class=\"wp-block-media-text__content\">\n<p><a href=\"https:\/\/www.astronome.fr\/\" target=\"_blank\" rel=\"noreferrer noopener\">L&rsquo;Astronome<\/a><br>Pr\u00e9sent depuis 25 ans  \u00e0 Lorient et sur internet, son objectif a toujours \u00e9t\u00e9 de proposer \u00ab\u00a0Tout pour l&rsquo;Observation\u00a0\u00bb.<\/p>\n<\/div><\/div>\n","protected":false},"excerpt":{"rendered":"<p>La Cl\u00e9 des \u00c9toilesUn lien direct avec le ciel \u00e9toil\u00e9 \u00e0 Toulouse. Pierro-AstroUne boutique de mat\u00e9riel astronomique \u00e0 Montpellier. Optique [&hellip;]<\/p>\n","protected":false},"author":1,"featured_media":0,"parent":0,"menu_order":1,"comment_status":"closed","ping_status":"closed","template":"","meta":{"site-sidebar-layout":"default","site-content-layout":"","ast-site-content-layout":"default","site-content-style":"default","site-sidebar-style":"default","ast-global-header-display":"","ast-banner-title-visibility":"","ast-main-header-display":"","ast-hfb-above-header-display":"","ast-hfb-below-header-display":"","ast-hfb-mobile-header-display":"","site-post-title":"","ast-breadcrumbs-content":"","ast-featured-img":"","footer-sml-layout":"","theme-transparent-header-meta":"","adv-header-id-meta":"","stick-header-meta":"","header-above-stick-meta":"","header-main-stick-meta":"","header-below-stick-meta":"","astra-migrate-meta-layouts":"default","ast-page-background-enabled":"default","ast-page-background-meta":{"desktop":{"background-color":"var(--ast-global-color-4)","background-image":"","background-repeat":"repeat","background-position":"center center","background-size":"auto","background-attachment":"scroll","background-type":"","background-media":"","overlay-type":"","overlay-color":"","overlay-opacity":"","overlay-gradient":""},"tablet":{"background-color":"","background-image":"","background-repeat":"repeat","background-position":"center center","background-size":"auto","background-attachment":"scroll","background-type":"","background-media":"","overlay-type":"","overlay-color":"","overlay-opacity":"","overlay-gradient":""},"mobile":{"background-color":"","background-image":"","background-repeat":"repeat","background-position":"center center","background-size":"auto","background-attachment":"scroll","background-type":"","background-media":"","overlay-type":"","overlay-color":"","overlay-opacity":"","overlay-gradient":""}},"ast-content-background-meta":{"desktop":{"background-color":"var(--ast-global-color-5)","background-image":"","background-repeat":"repeat","background-position":"center center","background-size":"auto","background-attachment":"scroll","background-type":"","background-media":"","overlay-type":"","overlay-color":"","overlay-opacity":"","overlay-gradient":""},"tablet":{"background-color":"var(--ast-global-color-5)","background-image":"","background-repeat":"repeat","background-position":"center center","background-size":"auto","background-attachment":"scroll","background-type":"","background-media":"","overlay-type":"","overlay-color":"","overlay-opacity":"","overlay-gradient":""},"mobile":{"background-color":"var(--ast-global-color-5)","background-image":"","background-repeat":"repeat","background-position":"center center","background-size":"auto","background-attachment":"scroll","background-type":"","background-media":"","overlay-type":"","overlay-color":"","overlay-opacity":"","overlay-gradient":""}},"footnotes":""},"class_list":["post-102","page","type-page","status-publish","hentry"],"jetpack_sharing_enabled":true,"_links":{"self":[{"href":"https:\/\/astroenbaiedarmor.astrosurf.com\/index.php?rest_route=\/wp\/v2\/pages\/102","targetHints":{"allow":["GET"]}}],"collection":[{"href":"https:\/\/astroenbaiedarmor.astrosurf.com\/index.php?rest_route=\/wp\/v2\/pages"}],"about":[{"href":"https:\/\/astroenbaiedarmor.astrosurf.com\/index.php?rest_route=\/wp\/v2\/types\/page"}],"author":[{"embeddable":true,"href":"https:\/\/astroenbaiedarmor.astrosurf.com\/index.php?rest_route=\/wp\/v2\/users\/1"}],"replies":[{"embeddable":true,"href":"https:\/\/astroenbaiedarmor.astrosurf.com\/index.php?rest_route=%2Fwp%2Fv2%2Fcomments&post=102"}],"version-history":[{"count":12,"href":"https:\/\/astroenbaiedarmor.astrosurf.com\/index.php?rest_route=\/wp\/v2\/pages\/102\/revisions"}],"predecessor-version":[{"id":670,"href":"https:\/\/astroenbaiedarmor.astrosurf.com\/index.php?rest_route=\/wp\/v2\/pages\/102\/revisions\/670"}],"wp:attachment":[{"href":"https:\/\/astroenbaiedarmor.astrosurf.com\/index.php?rest_route=%2Fwp%2Fv2%2Fmedia&parent=102"}],"curies":[{"name":"wp","href":"https:\/\/api.w.org\/{rel}","templated":true}]}}