{"id":2,"date":"2023-06-27T12:16:44","date_gmt":"2023-06-27T10:16:44","guid":{"rendered":"http:\/\/astroenbaiedarmor.astrosurf.com\/?page_id=2"},"modified":"2025-08-20T17:31:40","modified_gmt":"2025-08-20T15:31:40","slug":"page-d-exemple","status":"publish","type":"page","link":"https:\/\/astroenbaiedarmor.astrosurf.com\/?page_id=2","title":{"rendered":"\u00c0 propos d&rsquo;ABA"},"content":{"rendered":"\n<div class=\"wp-block-media-text is-stacked-on-mobile\" style=\"grid-template-columns:18% auto\"><figure class=\"wp-block-media-text__media\"><img loading=\"lazy\" decoding=\"async\" width=\"300\" height=\"303\" src=\"https:\/\/astroenbaiedarmor.astrosurf.com\/wp-content\/uploads\/2025\/08\/Logo-Color-300x303-transparent.png\" alt=\"\" class=\"wp-image-1164 size-full\" srcset=\"https:\/\/astroenbaiedarmor.astrosurf.com\/wp-content\/uploads\/2025\/08\/Logo-Color-300x303-transparent.png 300w, https:\/\/astroenbaiedarmor.astrosurf.com\/wp-content\/uploads\/2025\/08\/Logo-Color-300x303-transparent-297x300.png 297w\" sizes=\"auto, (max-width: 300px) 100vw, 300px\" \/><\/figure><div class=\"wp-block-media-text__content\">\n<p class=\"has-text-align-left\"><em>ABA &#8211; Astronomie en Baie d&rsquo;Armor &#8211; association loi 1901 cr\u00e9\u00e9e en 2016, apolitique, la\u00efque, d\u2019\u00e9ducation populaire, \u00e0 but non lucratif, a pour objet de vulgariser l\u2019astronomie et les sciences, de permettre \u00e0 ses membres de pratiquer l\u2019Astronomie, au grand public d\u2019observer le ciel, de participer \u00e0 des actions de sciences citoyennes et \u00e0 la protection du ciel \u00e9toil\u00e9.<\/em><\/p>\n<\/div><\/div>\n\n\n\n<p>Pour nous contacter :<\/p>\n\n\n\n<ul class=\"wp-block-list\">\n<li><em>si\u00e8ge social <\/em>: 7 rue Pierre Loti &#8211; 22000 Saint Brieuc<\/li>\n\n\n\n<li><em>e-mail<\/em> : <a href=\"mailto:astroenbaiedarmor@gmail.com\" target=\"_blank\" rel=\"noreferrer noopener\">astroenbaiedarmor@gmail.com<\/a><\/li>\n\n\n\n<li><em>site web<\/em> : <a href=\"https:\/\/astroenbaiedarmor.astrosurf.com\/\" target=\"_blank\" rel=\"noreferrer noopener\">https:\/\/astroenbaiedarmor.astrosurf.com\/<\/a><\/li>\n\n\n\n<li><em>Association Loi 1901<\/em> d\u00e9clar\u00e9e en pr\u00e9fecture de Saint Brieuc le 06\/12\/2016<\/li>\n\n\n\n<li><em>Identifiant SIRET<\/em> : 830 984 8780 00017<\/li>\n\n\n\n<li><em>Num\u00e9ro RNA<\/em>&nbsp;: W224005570<\/li>\n<\/ul>\n","protected":false},"excerpt":{"rendered":"<p>ABA &#8211; Astronomie en Baie d&rsquo;Armor &#8211; association loi 1901 cr\u00e9\u00e9e en 2016, apolitique, la\u00efque, d\u2019\u00e9ducation populaire, \u00e0 but non [&hellip;]<\/p>\n","protected":false},"author":1,"featured_media":0,"parent":0,"menu_order":0,"comment_status":"closed","ping_status":"open","template":"","meta":{"site-sidebar-layout":"default","site-content-layout":"","ast-site-content-layout":"default","site-content-style":"default","site-sidebar-style":"default","ast-global-header-display":"","ast-banner-title-visibility":"","ast-main-header-display":"","ast-hfb-above-header-display":"","ast-hfb-below-header-display":"","ast-hfb-mobile-header-display":"","site-post-title":"","ast-breadcrumbs-content":"","ast-featured-img":"","footer-sml-layout":"","theme-transparent-header-meta":"","adv-header-id-meta":"","stick-header-meta":"","header-above-stick-meta":"","header-main-stick-meta":"","header-below-stick-meta":"","astra-migrate-meta-layouts":"default","ast-page-background-enabled":"default","ast-page-background-meta":{"desktop":{"background-color":"var(--ast-global-color-4)","background-image":"","background-repeat":"repeat","background-position":"center center","background-size":"auto","background-attachment":"scroll","background-type":"","background-media":"","overlay-type":"","overlay-color":"","overlay-opacity":"","overlay-gradient":""},"tablet":{"background-color":"","background-image":"","background-repeat":"repeat","background-position":"center center","background-size":"auto","background-attachment":"scroll","background-type":"","background-media":"","overlay-type":"","overlay-color":"","overlay-opacity":"","overlay-gradient":""},"mobile":{"background-color":"","background-image":"","background-repeat":"repeat","background-position":"center center","background-size":"auto","background-attachment":"scroll","background-type":"","background-media":"","overlay-type":"","overlay-color":"","overlay-opacity":"","overlay-gradient":""}},"ast-content-background-meta":{"desktop":{"background-color":"var(--ast-global-color-5)","background-image":"","background-repeat":"repeat","background-position":"center center","background-size":"auto","background-attachment":"scroll","background-type":"","background-media":"","overlay-type":"","overlay-color":"","overlay-opacity":"","overlay-gradient":""},"tablet":{"background-color":"var(--ast-global-color-5)","background-image":"","background-repeat":"repeat","background-position":"center center","background-size":"auto","background-attachment":"scroll","background-type":"","background-media":"","overlay-type":"","overlay-color":"","overlay-opacity":"","overlay-gradient":""},"mobile":{"background-color":"var(--ast-global-color-5)","background-image":"","background-repeat":"repeat","background-position":"center center","background-size":"auto","background-attachment":"scroll","background-type":"","background-media":"","overlay-type":"","overlay-color":"","overlay-opacity":"","overlay-gradient":""}},"footnotes":""},"class_list":["post-2","page","type-page","status-publish","hentry"],"jetpack_sharing_enabled":true,"_links":{"self":[{"href":"https:\/\/astroenbaiedarmor.astrosurf.com\/index.php?rest_route=\/wp\/v2\/pages\/2","targetHints":{"allow":["GET"]}}],"collection":[{"href":"https:\/\/astroenbaiedarmor.astrosurf.com\/index.php?rest_route=\/wp\/v2\/pages"}],"about":[{"href":"https:\/\/astroenbaiedarmor.astrosurf.com\/index.php?rest_route=\/wp\/v2\/types\/page"}],"author":[{"embeddable":true,"href":"https:\/\/astroenbaiedarmor.astrosurf.com\/index.php?rest_route=\/wp\/v2\/users\/1"}],"replies":[{"embeddable":true,"href":"https:\/\/astroenbaiedarmor.astrosurf.com\/index.php?rest_route=%2Fwp%2Fv2%2Fcomments&post=2"}],"version-history":[{"count":21,"href":"https:\/\/astroenbaiedarmor.astrosurf.com\/index.php?rest_route=\/wp\/v2\/pages\/2\/revisions"}],"predecessor-version":[{"id":1165,"href":"https:\/\/astroenbaiedarmor.astrosurf.com\/index.php?rest_route=\/wp\/v2\/pages\/2\/revisions\/1165"}],"wp:attachment":[{"href":"https:\/\/astroenbaiedarmor.astrosurf.com\/index.php?rest_route=%2Fwp%2Fv2%2Fmedia&parent=2"}],"curies":[{"name":"wp","href":"https:\/\/api.w.org\/{rel}","templated":true}]}}