{"id":705,"date":"2024-06-14T14:05:17","date_gmt":"2024-06-14T12:05:17","guid":{"rendered":"http:\/\/astroenbaiedarmor.astrosurf.com\/?page_id=705"},"modified":"2026-03-13T22:26:18","modified_gmt":"2026-03-13T21:26:18","slug":"accueil","status":"publish","type":"page","link":"https:\/\/astroenbaiedarmor.astrosurf.com\/","title":{"rendered":"Accueil"},"content":{"rendered":"<ul class=\"wp-block-latest-posts__list is-grid columns-2 has-dates has-author has-link-color wp-elements-5cb8b31287c44634ac35fa402490520f wp-block-latest-posts has-text-color has-ast-global-color-2-color has-background has-ast-global-color-3-background-color has-small-font-size\"><li><div class=\"wp-block-latest-posts__featured-image\"><a href=\"https:\/\/astroenbaiedarmor.astrosurf.com\/?p=1292\" aria-label=\"Les Nuits d\u2019\u00c9quinoxe \u00e0 La M\u00e9augon\"><img loading=\"lazy\" decoding=\"async\" width=\"800\" height=\"267\" src=\"https:\/\/astroenbaiedarmor.astrosurf.com\/wp-content\/uploads\/2026\/03\/bandeau-nuits-equinoxe.jpg\" class=\"attachment-large size-large wp-post-image\" alt=\"\" style=\"\" srcset=\"https:\/\/astroenbaiedarmor.astrosurf.com\/wp-content\/uploads\/2026\/03\/bandeau-nuits-equinoxe.jpg 800w, https:\/\/astroenbaiedarmor.astrosurf.com\/wp-content\/uploads\/2026\/03\/bandeau-nuits-equinoxe-300x100.jpg 300w, https:\/\/astroenbaiedarmor.astrosurf.com\/wp-content\/uploads\/2026\/03\/bandeau-nuits-equinoxe-768x256.jpg 768w\" sizes=\"auto, (max-width: 800px) 100vw, 800px\" \/><\/a><\/div><a class=\"wp-block-latest-posts__post-title\" href=\"https:\/\/astroenbaiedarmor.astrosurf.com\/?p=1292\">Les Nuits d\u2019\u00c9quinoxe \u00e0 La M\u00e9augon<\/a><div class=\"wp-block-latest-posts__post-author\">par astroenbaiedarmor<\/div><time datetime=\"2026-03-13T22:53:20+01:00\" class=\"wp-block-latest-posts__post-date\">13 mars 2026<\/time><\/li>\n<li><div class=\"wp-block-latest-posts__featured-image\"><a href=\"https:\/\/astroenbaiedarmor.astrosurf.com\/?p=1257\" aria-label=\"Observation du ciel \u00e9toil\u00e9 \u00e0 Binic-\u00c9tables le 25 oct. 2025\"><img loading=\"lazy\" decoding=\"async\" width=\"670\" height=\"223\" src=\"https:\/\/astroenbaiedarmor.astrosurf.com\/wp-content\/uploads\/2025\/10\/affiche-animation-25-oct-2025-banner.jpg\" class=\"attachment-large size-large wp-post-image\" alt=\"\" style=\"\" srcset=\"https:\/\/astroenbaiedarmor.astrosurf.com\/wp-content\/uploads\/2025\/10\/affiche-animation-25-oct-2025-banner.jpg 670w, https:\/\/astroenbaiedarmor.astrosurf.com\/wp-content\/uploads\/2025\/10\/affiche-animation-25-oct-2025-banner-300x100.jpg 300w\" sizes=\"auto, (max-width: 670px) 100vw, 670px\" \/><\/a><\/div><a class=\"wp-block-latest-posts__post-title\" href=\"https:\/\/astroenbaiedarmor.astrosurf.com\/?p=1257\">Observation du ciel \u00e9toil\u00e9 \u00e0 Binic-\u00c9tables le 25 oct. 2025<\/a><div class=\"wp-block-latest-posts__post-author\">par astroenbaiedarmor<\/div><time datetime=\"2025-10-18T18:55:40+02:00\" class=\"wp-block-latest-posts__post-date\">18 octobre 2025<\/time><\/li>\n<li><div class=\"wp-block-latest-posts__featured-image\"><a href=\"https:\/\/astroenbaiedarmor.astrosurf.com\/?p=1220\" aria-label=\"Le programme de la saison 2025-2026\"><img loading=\"lazy\" decoding=\"async\" width=\"1024\" height=\"341\" src=\"https:\/\/astroenbaiedarmor.astrosurf.com\/wp-content\/uploads\/2025\/09\/banner-programme-2025-2026-1024x341.png\" class=\"attachment-large size-large wp-post-image\" alt=\"\" style=\"\" srcset=\"https:\/\/astroenbaiedarmor.astrosurf.com\/wp-content\/uploads\/2025\/09\/banner-programme-2025-2026-1024x341.png 1024w, https:\/\/astroenbaiedarmor.astrosurf.com\/wp-content\/uploads\/2025\/09\/banner-programme-2025-2026-300x100.png 300w, https:\/\/astroenbaiedarmor.astrosurf.com\/wp-content\/uploads\/2025\/09\/banner-programme-2025-2026-768x256.png 768w, https:\/\/astroenbaiedarmor.astrosurf.com\/wp-content\/uploads\/2025\/09\/banner-programme-2025-2026.png 1072w\" sizes=\"auto, (max-width: 1024px) 100vw, 1024px\" \/><\/a><\/div><a class=\"wp-block-latest-posts__post-title\" href=\"https:\/\/astroenbaiedarmor.astrosurf.com\/?p=1220\">Le programme de la saison 2025-2026<\/a><div class=\"wp-block-latest-posts__post-author\">par astroenbaiedarmor<\/div><time datetime=\"2025-09-19T18:17:21+02:00\" class=\"wp-block-latest-posts__post-date\">19 septembre 2025<\/time><\/li>\n<li><div class=\"wp-block-latest-posts__featured-image\"><a href=\"https:\/\/astroenbaiedarmor.astrosurf.com\/?p=1167\" aria-label=\"Retour sur les Nuits des \u00c9toiles les 1er et 2 ao\u00fbt 2025\"><img loading=\"lazy\" decoding=\"async\" width=\"1024\" height=\"341\" src=\"https:\/\/astroenbaiedarmor.astrosurf.com\/wp-content\/uploads\/2025\/09\/banner-nuits-des-etoiles-2025-1024x341.jpg\" class=\"attachment-large size-large wp-post-image\" alt=\"\" style=\"\" srcset=\"https:\/\/astroenbaiedarmor.astrosurf.com\/wp-content\/uploads\/2025\/09\/banner-nuits-des-etoiles-2025-1024x341.jpg 1024w, https:\/\/astroenbaiedarmor.astrosurf.com\/wp-content\/uploads\/2025\/09\/banner-nuits-des-etoiles-2025-300x100.jpg 300w, https:\/\/astroenbaiedarmor.astrosurf.com\/wp-content\/uploads\/2025\/09\/banner-nuits-des-etoiles-2025-768x256.jpg 768w, https:\/\/astroenbaiedarmor.astrosurf.com\/wp-content\/uploads\/2025\/09\/banner-nuits-des-etoiles-2025-1536x512.jpg 1536w, https:\/\/astroenbaiedarmor.astrosurf.com\/wp-content\/uploads\/2025\/09\/banner-nuits-des-etoiles-2025.jpg 2016w\" sizes=\"auto, (max-width: 1024px) 100vw, 1024px\" \/><\/a><\/div><a class=\"wp-block-latest-posts__post-title\" href=\"https:\/\/astroenbaiedarmor.astrosurf.com\/?p=1167\">Retour sur les Nuits des \u00c9toiles les 1er et 2 ao\u00fbt 2025<\/a><div class=\"wp-block-latest-posts__post-author\">par astroenbaiedarmor<\/div><time datetime=\"2025-09-03T22:36:14+02:00\" class=\"wp-block-latest-posts__post-date\">3 septembre 2025<\/time><\/li>\n<li><div class=\"wp-block-latest-posts__featured-image\"><a href=\"https:\/\/astroenbaiedarmor.astrosurf.com\/?p=1142\" aria-label=\"Annonce pour les Nuits des \u00c9toiles d\u2019\u00c9t\u00e9 2025\"><img loading=\"lazy\" decoding=\"async\" width=\"1024\" height=\"342\" src=\"https:\/\/astroenbaiedarmor.astrosurf.com\/wp-content\/uploads\/2025\/07\/banner-nuits-des-etoiles-afa-1024x342.jpg\" class=\"attachment-large size-large wp-post-image\" alt=\"\" style=\"\" srcset=\"https:\/\/astroenbaiedarmor.astrosurf.com\/wp-content\/uploads\/2025\/07\/banner-nuits-des-etoiles-afa-1024x342.jpg 1024w, https:\/\/astroenbaiedarmor.astrosurf.com\/wp-content\/uploads\/2025\/07\/banner-nuits-des-etoiles-afa-300x100.jpg 300w, https:\/\/astroenbaiedarmor.astrosurf.com\/wp-content\/uploads\/2025\/07\/banner-nuits-des-etoiles-afa-768x256.jpg 768w, https:\/\/astroenbaiedarmor.astrosurf.com\/wp-content\/uploads\/2025\/07\/banner-nuits-des-etoiles-afa-1536x513.jpg 1536w, https:\/\/astroenbaiedarmor.astrosurf.com\/wp-content\/uploads\/2025\/07\/banner-nuits-des-etoiles-afa.jpg 1600w\" sizes=\"auto, (max-width: 1024px) 100vw, 1024px\" \/><\/a><\/div><a class=\"wp-block-latest-posts__post-title\" href=\"https:\/\/astroenbaiedarmor.astrosurf.com\/?p=1142\">Annonce pour les Nuits des \u00c9toiles d\u2019\u00c9t\u00e9 2025<\/a><div class=\"wp-block-latest-posts__post-author\">par astroenbaiedarmor<\/div><time datetime=\"2025-07-21T23:38:23+02:00\" class=\"wp-block-latest-posts__post-date\">21 juillet 2025<\/time><\/li>\n<li><div class=\"wp-block-latest-posts__featured-image\"><a href=\"https:\/\/astroenbaiedarmor.astrosurf.com\/?p=1110\" aria-label=\"Compte-rendu des Nuits de l\u2019\u00c9quinoxe des 21-22 mars 2025\"><img loading=\"lazy\" decoding=\"async\" width=\"982\" height=\"295\" src=\"https:\/\/astroenbaiedarmor.astrosurf.com\/wp-content\/uploads\/2025\/04\/banner-nuits-equinoxes-2025.png\" class=\"attachment-large size-large wp-post-image\" alt=\"\" style=\"\" srcset=\"https:\/\/astroenbaiedarmor.astrosurf.com\/wp-content\/uploads\/2025\/04\/banner-nuits-equinoxes-2025.png 982w, https:\/\/astroenbaiedarmor.astrosurf.com\/wp-content\/uploads\/2025\/04\/banner-nuits-equinoxes-2025-300x90.png 300w, https:\/\/astroenbaiedarmor.astrosurf.com\/wp-content\/uploads\/2025\/04\/banner-nuits-equinoxes-2025-768x231.png 768w\" sizes=\"auto, (max-width: 982px) 100vw, 982px\" \/><\/a><\/div><a class=\"wp-block-latest-posts__post-title\" href=\"https:\/\/astroenbaiedarmor.astrosurf.com\/?p=1110\">Compte-rendu des Nuits de l\u2019\u00c9quinoxe des 21-22 mars 2025<\/a><div class=\"wp-block-latest-posts__post-author\">par astroenbaiedarmor<\/div><time datetime=\"2025-04-01T19:15:31+02:00\" class=\"wp-block-latest-posts__post-date\">1 avril 2025<\/time><\/li>\n<li><div class=\"wp-block-latest-posts__featured-image\"><a href=\"https:\/\/astroenbaiedarmor.astrosurf.com\/?p=1092\" aria-label=\"Annonce des Nuits de l\u2019\u00c9quinoxe 2025\"><img loading=\"lazy\" decoding=\"async\" width=\"1000\" height=\"333\" src=\"https:\/\/astroenbaiedarmor.astrosurf.com\/wp-content\/uploads\/2025\/03\/banner-affiche-nuits-de-l-equinoxe-la-meaugon-2025-web.jpg\" class=\"attachment-large size-large wp-post-image\" alt=\"\" style=\"\" srcset=\"https:\/\/astroenbaiedarmor.astrosurf.com\/wp-content\/uploads\/2025\/03\/banner-affiche-nuits-de-l-equinoxe-la-meaugon-2025-web.jpg 1000w, https:\/\/astroenbaiedarmor.astrosurf.com\/wp-content\/uploads\/2025\/03\/banner-affiche-nuits-de-l-equinoxe-la-meaugon-2025-web-300x100.jpg 300w, https:\/\/astroenbaiedarmor.astrosurf.com\/wp-content\/uploads\/2025\/03\/banner-affiche-nuits-de-l-equinoxe-la-meaugon-2025-web-768x256.jpg 768w\" sizes=\"auto, (max-width: 1000px) 100vw, 1000px\" \/><\/a><\/div><a class=\"wp-block-latest-posts__post-title\" href=\"https:\/\/astroenbaiedarmor.astrosurf.com\/?p=1092\">Annonce des Nuits de l\u2019\u00c9quinoxe 2025<\/a><div class=\"wp-block-latest-posts__post-author\">par astroenbaiedarmor<\/div><time datetime=\"2025-03-14T18:30:34+01:00\" class=\"wp-block-latest-posts__post-date\">14 mars 2025<\/time><\/li>\n<li><div class=\"wp-block-latest-posts__featured-image\"><a href=\"https:\/\/astroenbaiedarmor.astrosurf.com\/?p=1013\" aria-label=\"La com\u00e8te C\/2023 A3 (Tsuchinshan-ATLAS)\"><img loading=\"lazy\" decoding=\"async\" width=\"1024\" height=\"341\" src=\"https:\/\/astroenbaiedarmor.astrosurf.com\/wp-content\/uploads\/2024\/12\/DSS-8min-40s-104-images-redim-banner-1024x341.jpg\" class=\"attachment-large size-large wp-post-image\" alt=\"\" style=\"\" srcset=\"https:\/\/astroenbaiedarmor.astrosurf.com\/wp-content\/uploads\/2024\/12\/DSS-8min-40s-104-images-redim-banner-1024x341.jpg 1024w, https:\/\/astroenbaiedarmor.astrosurf.com\/wp-content\/uploads\/2024\/12\/DSS-8min-40s-104-images-redim-banner-300x100.jpg 300w, https:\/\/astroenbaiedarmor.astrosurf.com\/wp-content\/uploads\/2024\/12\/DSS-8min-40s-104-images-redim-banner-768x256.jpg 768w, https:\/\/astroenbaiedarmor.astrosurf.com\/wp-content\/uploads\/2024\/12\/DSS-8min-40s-104-images-redim-banner.jpg 1416w\" sizes=\"auto, (max-width: 1024px) 100vw, 1024px\" \/><\/a><\/div><a class=\"wp-block-latest-posts__post-title\" href=\"https:\/\/astroenbaiedarmor.astrosurf.com\/?p=1013\">La com\u00e8te C\/2023 A3 (Tsuchinshan-ATLAS)<\/a><div class=\"wp-block-latest-posts__post-author\">par astroenbaiedarmor<\/div><time datetime=\"2024-12-03T17:07:08+01:00\" class=\"wp-block-latest-posts__post-date\">3 d\u00e9cembre 2024<\/time><\/li>\n<li><div class=\"wp-block-latest-posts__featured-image\"><a href=\"https:\/\/astroenbaiedarmor.astrosurf.com\/?p=953\" aria-label=\"Les aurores bor\u00e9ales du 10-11 octobre 2024\"><img loading=\"lazy\" decoding=\"async\" width=\"1024\" height=\"341\" src=\"https:\/\/astroenbaiedarmor.astrosurf.com\/wp-content\/uploads\/2024\/11\/bandeau-aurores-10-oct-2024-1024x341.jpg\" class=\"attachment-large size-large wp-post-image\" alt=\"\" style=\"\" srcset=\"https:\/\/astroenbaiedarmor.astrosurf.com\/wp-content\/uploads\/2024\/11\/bandeau-aurores-10-oct-2024-1024x341.jpg 1024w, https:\/\/astroenbaiedarmor.astrosurf.com\/wp-content\/uploads\/2024\/11\/bandeau-aurores-10-oct-2024-300x100.jpg 300w, https:\/\/astroenbaiedarmor.astrosurf.com\/wp-content\/uploads\/2024\/11\/bandeau-aurores-10-oct-2024-768x255.jpg 768w, https:\/\/astroenbaiedarmor.astrosurf.com\/wp-content\/uploads\/2024\/11\/bandeau-aurores-10-oct-2024.jpg 1500w\" sizes=\"auto, (max-width: 1024px) 100vw, 1024px\" \/><\/a><\/div><a class=\"wp-block-latest-posts__post-title\" href=\"https:\/\/astroenbaiedarmor.astrosurf.com\/?p=953\">Les aurores bor\u00e9ales du 10-11 octobre 2024<\/a><div class=\"wp-block-latest-posts__post-author\">par astroenbaiedarmor<\/div><time datetime=\"2024-11-04T19:00:11+01:00\" class=\"wp-block-latest-posts__post-date\">4 novembre 2024<\/time><\/li>\n<li><div class=\"wp-block-latest-posts__featured-image\"><a href=\"https:\/\/astroenbaiedarmor.astrosurf.com\/?p=924\" aria-label=\"Annonce du \u00ab Jour de la Nuit \u00bb\"><img loading=\"lazy\" decoding=\"async\" width=\"1024\" height=\"335\" src=\"https:\/\/astroenbaiedarmor.astrosurf.com\/wp-content\/uploads\/2024\/10\/bandeau-JDN-2024-1024x335.png\" class=\"attachment-large size-large wp-post-image\" alt=\"\" style=\"\" srcset=\"https:\/\/astroenbaiedarmor.astrosurf.com\/wp-content\/uploads\/2024\/10\/bandeau-JDN-2024-1024x335.png 1024w, https:\/\/astroenbaiedarmor.astrosurf.com\/wp-content\/uploads\/2024\/10\/bandeau-JDN-2024-300x98.png 300w, https:\/\/astroenbaiedarmor.astrosurf.com\/wp-content\/uploads\/2024\/10\/bandeau-JDN-2024-768x252.png 768w, https:\/\/astroenbaiedarmor.astrosurf.com\/wp-content\/uploads\/2024\/10\/bandeau-JDN-2024.png 1157w\" sizes=\"auto, (max-width: 1024px) 100vw, 1024px\" \/><\/a><\/div><a class=\"wp-block-latest-posts__post-title\" href=\"https:\/\/astroenbaiedarmor.astrosurf.com\/?p=924\">Annonce du \u00ab Jour de la Nuit \u00bb<\/a><div class=\"wp-block-latest-posts__post-author\">par astroenbaiedarmor<\/div><time datetime=\"2024-10-08T18:29:12+02:00\" class=\"wp-block-latest-posts__post-date\">8 octobre 2024<\/time><\/li>\n<li><div class=\"wp-block-latest-posts__featured-image\"><a href=\"https:\/\/astroenbaiedarmor.astrosurf.com\/?p=904\" aria-label=\"Eclipse partielle de Lune le 18 septembre 2024\"><img loading=\"lazy\" decoding=\"async\" width=\"1024\" height=\"341\" src=\"https:\/\/astroenbaiedarmor.astrosurf.com\/wp-content\/uploads\/2024\/09\/IMG_1730_redim_bandeau-1024x341.jpg\" class=\"attachment-large size-large wp-post-image\" alt=\"\" style=\"\" srcset=\"https:\/\/astroenbaiedarmor.astrosurf.com\/wp-content\/uploads\/2024\/09\/IMG_1730_redim_bandeau-1024x341.jpg 1024w, https:\/\/astroenbaiedarmor.astrosurf.com\/wp-content\/uploads\/2024\/09\/IMG_1730_redim_bandeau-300x100.jpg 300w, https:\/\/astroenbaiedarmor.astrosurf.com\/wp-content\/uploads\/2024\/09\/IMG_1730_redim_bandeau-768x256.jpg 768w, https:\/\/astroenbaiedarmor.astrosurf.com\/wp-content\/uploads\/2024\/09\/IMG_1730_redim_bandeau.jpg 1500w\" sizes=\"auto, (max-width: 1024px) 100vw, 1024px\" \/><\/a><\/div><a class=\"wp-block-latest-posts__post-title\" href=\"https:\/\/astroenbaiedarmor.astrosurf.com\/?p=904\">Eclipse partielle de Lune le 18 septembre 2024<\/a><div class=\"wp-block-latest-posts__post-author\">par astroenbaiedarmor<\/div><time datetime=\"2024-09-25T18:01:26+02:00\" class=\"wp-block-latest-posts__post-date\">25 septembre 2024<\/time><\/li>\n<li><div class=\"wp-block-latest-posts__featured-image\"><a href=\"https:\/\/astroenbaiedarmor.astrosurf.com\/?p=874\" aria-label=\"Occultation de Saturne par la Lune le 21 ao\u00fbt 2024\"><img loading=\"lazy\" decoding=\"async\" width=\"1024\" height=\"341\" src=\"https:\/\/astroenbaiedarmor.astrosurf.com\/wp-content\/uploads\/2024\/09\/bandeau-occultation-lune-saturne-2024-08-21-a-06.27.21-1024x341.png\" class=\"attachment-large size-large wp-post-image\" alt=\"\" style=\"\" srcset=\"https:\/\/astroenbaiedarmor.astrosurf.com\/wp-content\/uploads\/2024\/09\/bandeau-occultation-lune-saturne-2024-08-21-a-06.27.21-1024x341.png 1024w, https:\/\/astroenbaiedarmor.astrosurf.com\/wp-content\/uploads\/2024\/09\/bandeau-occultation-lune-saturne-2024-08-21-a-06.27.21-300x100.png 300w, https:\/\/astroenbaiedarmor.astrosurf.com\/wp-content\/uploads\/2024\/09\/bandeau-occultation-lune-saturne-2024-08-21-a-06.27.21-768x256.png 768w, https:\/\/astroenbaiedarmor.astrosurf.com\/wp-content\/uploads\/2024\/09\/bandeau-occultation-lune-saturne-2024-08-21-a-06.27.21.png 1200w\" sizes=\"auto, (max-width: 1024px) 100vw, 1024px\" \/><\/a><\/div><a class=\"wp-block-latest-posts__post-title\" href=\"https:\/\/astroenbaiedarmor.astrosurf.com\/?p=874\">Occultation de Saturne par la Lune le 21 ao\u00fbt 2024<\/a><div class=\"wp-block-latest-posts__post-author\">par astroenbaiedarmor<\/div><time datetime=\"2024-09-25T17:09:08+02:00\" class=\"wp-block-latest-posts__post-date\">25 septembre 2024<\/time><\/li>\n<\/ul>","protected":false},"excerpt":{"rendered":"","protected":false},"author":1,"featured_media":0,"parent":0,"menu_order":0,"comment_status":"closed","ping_status":"closed","template":"","meta":{"site-sidebar-layout":"default","site-content-layout":"","ast-site-content-layout":"default","site-content-style":"default","site-sidebar-style":"default","ast-global-header-display":"","ast-banner-title-visibility":"","ast-main-header-display":"","ast-hfb-above-header-display":"","ast-hfb-below-header-display":"","ast-hfb-mobile-header-display":"","site-post-title":"","ast-breadcrumbs-content":"","ast-featured-img":"","footer-sml-layout":"","theme-transparent-header-meta":"","adv-header-id-meta":"","stick-header-meta":"","header-above-stick-meta":"","header-main-stick-meta":"","header-below-stick-meta":"","astra-migrate-meta-layouts":"default","ast-page-background-enabled":"default","ast-page-background-meta":{"desktop":{"background-color":"var(--ast-global-color-4)","background-image":"","background-repeat":"repeat","background-position":"center center","background-size":"auto","background-attachment":"scroll","background-type":"","background-media":"","overlay-type":"","overlay-color":"","overlay-opacity":"","overlay-gradient":""},"tablet":{"background-color":"","background-image":"","background-repeat":"repeat","background-position":"center center","background-size":"auto","background-attachment":"scroll","background-type":"","background-media":"","overlay-type":"","overlay-color":"","overlay-opacity":"","overlay-gradient":""},"mobile":{"background-color":"","background-image":"","background-repeat":"repeat","background-position":"center center","background-size":"auto","background-attachment":"scroll","background-type":"","background-media":"","overlay-type":"","overlay-color":"","overlay-opacity":"","overlay-gradient":""}},"ast-content-background-meta":{"desktop":{"background-color":"var(--ast-global-color-5)","background-image":"","background-repeat":"repeat","background-position":"center center","background-size":"auto","background-attachment":"scroll","background-type":"","background-media":"","overlay-type":"","overlay-color":"","overlay-opacity":"","overlay-gradient":""},"tablet":{"background-color":"var(--ast-global-color-5)","background-image":"","background-repeat":"repeat","background-position":"center center","background-size":"auto","background-attachment":"scroll","background-type":"","background-media":"","overlay-type":"","overlay-color":"","overlay-opacity":"","overlay-gradient":""},"mobile":{"background-color":"var(--ast-global-color-5)","background-image":"","background-repeat":"repeat","background-position":"center center","background-size":"auto","background-attachment":"scroll","background-type":"","background-media":"","overlay-type":"","overlay-color":"","overlay-opacity":"","overlay-gradient":""}},"footnotes":""},"class_list":["post-705","page","type-page","status-publish","hentry"],"jetpack_sharing_enabled":true,"_links":{"self":[{"href":"https:\/\/astroenbaiedarmor.astrosurf.com\/index.php?rest_route=\/wp\/v2\/pages\/705","targetHints":{"allow":["GET"]}}],"collection":[{"href":"https:\/\/astroenbaiedarmor.astrosurf.com\/index.php?rest_route=\/wp\/v2\/pages"}],"about":[{"href":"https:\/\/astroenbaiedarmor.astrosurf.com\/index.php?rest_route=\/wp\/v2\/types\/page"}],"author":[{"embeddable":true,"href":"https:\/\/astroenbaiedarmor.astrosurf.com\/index.php?rest_route=\/wp\/v2\/users\/1"}],"replies":[{"embeddable":true,"href":"https:\/\/astroenbaiedarmor.astrosurf.com\/index.php?rest_route=%2Fwp%2Fv2%2Fcomments&post=705"}],"version-history":[{"count":7,"href":"https:\/\/astroenbaiedarmor.astrosurf.com\/index.php?rest_route=\/wp\/v2\/pages\/705\/revisions"}],"predecessor-version":[{"id":1291,"href":"https:\/\/astroenbaiedarmor.astrosurf.com\/index.php?rest_route=\/wp\/v2\/pages\/705\/revisions\/1291"}],"wp:attachment":[{"href":"https:\/\/astroenbaiedarmor.astrosurf.com\/index.php?rest_route=%2Fwp%2Fv2%2Fmedia&parent=705"}],"curies":[{"name":"wp","href":"https:\/\/api.w.org\/{rel}","templated":true}]}}